{"id":4389,"date":"2025-01-13T08:14:55","date_gmt":"2025-01-13T07:14:55","guid":{"rendered":"https:\/\/geneacosse.com\/?page_id=4389"},"modified":"2025-01-13T08:21:09","modified_gmt":"2025-01-13T07:21:09","slug":"donnees-personnelles","status":"publish","type":"page","link":"https:\/\/geneacosse.com\/en\/donnees-personnelles\/","title":{"rendered":"Donn\u00e9es Personnelles"},"content":{"rendered":"<section id=\"bt_bb_section69ea39f563cac\"  class=\"bt_bb_section bt_bb_color_scheme_10 bt_bb_layout_boxed_1200 bt_bb_vertical_align_top bt_bb_top_spacing_large bt_bb_bottom_spacing_large\" style=\";background-color:#0f1625;\" data-bt-override-class=\"null\"><div class=\"bt_bb_port\"><div class=\"bt_bb_cell\"><div class=\"bt_bb_cell_inner\"><div class=\"bt_bb_row_wrapper\"><div  class=\"bt_bb_row\" ><div  class=\"bt_bb_column col-md-3 col-sm-6 col-ms-12 bt_bb_align_left bt_bb_padding_normal\"  data-width=\"3\"><div class=\"bt_bb_column_content bt_bb_vertical_align_top\"><div class=\"bt_bb_column_content_inner\"><\/div><\/div><\/div><div  class=\"bt_bb_column col-md-6 col-sm-12 bt_bb_align_center bt_bb_animation_fade_in animate bt_bb_padding_50 bt_bb_animation_fade_in animate\"  data-width=\"6\"><div class=\"bt_bb_column_content bt_bb_vertical_align_middle\"><div class=\"bt_bb_column_content_inner\"><div class=\"bt_bb_separator bt_bb_border_style_none bt_bb_bottom_spacing_medium bt_bb_hidden_xs bt_bb_hidden_ms bt_bb_hidden_sm\" data-bt-override-class=\"null\"><\/div><header class=\"bt_bb_headline bt_bb_color_scheme_6 bt_bb_dash_none bt_bb_size_extralarge bt_bb_align_inherit\" data-bt-override-class=\"{&quot;bt_bb_align_&quot;:{&quot;current_class&quot;:&quot;bt_bb_align_inherit&quot;,&quot;xl&quot;:&quot;inherit&quot;}}\"><h2 class=\"bt_bb_headline_tag\"><span class=\"bt_bb_headline_content\"><span>Donn\u00e9es Personnelles<\/span><\/span><\/h2><\/header><div class=\"bt_bb_separator bt_bb_border_style_none bt_bb_bottom_spacing_large bt_bb_hidden_xs bt_bb_hidden_ms bt_bb_hidden_sm\" data-bt-override-class=\"null\"><\/div><\/div><\/div><\/div><div  class=\"bt_bb_column col-md-3 col-sm-6 col-ms-12 bt_bb_align_left bt_bb_padding_normal\"  data-width=\"3\"><div class=\"bt_bb_column_content bt_bb_vertical_align_top\"><div class=\"bt_bb_column_content_inner\"><\/div><\/div><\/div><\/div><\/div><div class=\"bt_bb_row_wrapper\"><div  class=\"bt_bb_row\" ><div  class=\"bt_bb_column col-md-12 col-ms-12 bt_bb_align_left bt_bb_padding_normal\"  data-width=\"12\"><div class=\"bt_bb_column_content bt_bb_vertical_align_top\"><div class=\"bt_bb_column_content_inner\"><div class=\"bt_bb_separator bt_bb_border_style_none\" data-bt-override-class=\"null\"><\/div><\/div><\/div><\/div><\/div><\/div><\/div><\/div><\/div><\/section><section id=\"bt_bb_section69ea39f564369\"  class=\"bt_bb_section bt_bb_layout_boxed_1200\"  data-bt-override-class=\"null\"><div class=\"bt_bb_port\"><div class=\"bt_bb_cell\"><div class=\"bt_bb_cell_inner\"><div class=\"bt_bb_row_wrapper\"><div  class=\"bt_bb_row\" ><div  class=\"bt_bb_column col-md-12 col-ms-12 bt_bb_align_left bt_bb_padding_normal\"  data-width=\"12\"><div class=\"bt_bb_column_content bt_bb_vertical_align_top\"><div class=\"bt_bb_column_content_inner\"><div class=\"bt_bb_separator bt_bb_border_style_none bt_bb_top_spacing_60\" data-bt-override-class=\"null\"><\/div><\/div><\/div><\/div><\/div><\/div><\/div><\/div><\/div><\/section><section id=\"bt_bb_section69ea39f564590\"  class=\"bt_bb_section bt_bb_layout_boxed_1200\"  data-bt-override-class=\"null\"><div class=\"bt_bb_port\"><div class=\"bt_bb_cell\"><div class=\"bt_bb_cell_inner\"><div class=\"bt_bb_row_wrapper\"><div  class=\"bt_bb_row\" ><div  class=\"bt_bb_column col-md-12 col-ms-12 bt_bb_align_left bt_bb_padding_normal\"  data-width=\"12\"><div class=\"bt_bb_column_content bt_bb_vertical_align_top\"><div class=\"bt_bb_column_content_inner\"><div  class=\"bt_bb_text\" ><p>Right of access and protection of personal data<\/p>\n<p>Internet users have the right to access, rectify, modify and delete data concerning them. This right can be exercised by post to Etude G\u00e9n\u00e9alogique Coss\u00e9 (Coss\u00e9 Probate Genealogy Office) or by email on: nc@geneacosse.com<\/p>\n<p>No personal information is collected without your knowledge. No personal information is disclosed to third parties.<\/p>\n<p>The Data Protection Officer (DPO) appointed by the Etude G\u00e9n\u00e9alogique Coss\u00e9 (Coss\u00e9 Probate Genealogy Office) is: <a href=\"mailto:dpo@geneacosse.com\">dpo@geneacosse.com<\/a><\/p>\n<div>\n<p>PERSONAL DATA<br \/>\nLes donn\u00e9es \u00e0 caract\u00e8re personnel sont les informations se rapportant \u00e0 une personne physique identifi\u00e9e ou identifiable.<\/p>\n<p>Personal data is information relating to an identified or identifiable natural person.\nEtude G\u00e9n\u00e9alogique Coss\u00e9 (Coss\u00e9 Probate Genealogy Office) implements the processing of personal data. Consequently, it is subject to the provisions relating to the protection of personal data, such as the General Data Protection Regulation (RGPD) of May 25, 2018 and the \u201cInformatique et Libert\u00e9s\u201d law of January 6, 1978 as amended.<\/p>\n<p>The data controller is Etude G\u00e9n\u00e9alogique Coss\u00e9 (Coss\u00e9 Probate Genealogy Office), as a legal person, represented by Mr. COSS\u00c9 Nicolas.<\/p>\n<p>In accordance with the requirements imposed by current legislation, a Data Protection Officer (DPO) has been appointed to the National Commission for Computing and Liberties (CNIL) with number: DPO-86060<\/p>\n<p>Groupe DPMS<br \/>\n1200 avenue Maurice Donat<br \/>\nImmeuble Natura 3<br \/>\n06250 MOUGINS<\/p>\n<p>Finally, the email addresses collected as part of the contact form may be used to meet your needs and send you information.<\/p>\n<p>RIGHTS OF DATA SUBJECTS<br \/>\nIn accordance with the General Data Protection Regulations (RGPD) and the \u201cInformatique et Libert\u00e9s\u201d law, you have the right to access, rectify, limit, erase and portability information concerning you.<br \/>\nVous pouvez exercer ces droits en vous adressant au Service Client de l\u2019\u00c9tude G\u00e9n\u00e9alogique Coss\u00e9 \u00e0 l\u2019adresse suivante : nc@geneacosse.com<\/p>\n<\/div>\n<div><\/div>\n<div>\n<p>If you feel, after contacting us, that your IT and Freedoms rights have not been respected, you can file a complaint with the CNIL.<\/p>\n<\/div>\n<\/div><\/div><\/div><\/div><\/div><\/div><\/div><\/div><\/div><\/section><section id=\"bt_bb_section69ea39f564e61\"  class=\"bt_bb_section bt_bb_layout_boxed_1200\"  data-bt-override-class=\"null\"><div class=\"bt_bb_port\"><div class=\"bt_bb_cell\"><div class=\"bt_bb_cell_inner\"><div class=\"bt_bb_row_wrapper\"><div  class=\"bt_bb_row\" ><div  class=\"bt_bb_column col-md-12 col-ms-12 bt_bb_align_left bt_bb_padding_normal\"  data-width=\"12\"><div class=\"bt_bb_column_content bt_bb_vertical_align_top\"><div class=\"bt_bb_column_content_inner\"><div class=\"bt_bb_separator bt_bb_border_style_none bt_bb_top_spacing_60\" data-bt-override-class=\"null\"><\/div><\/div><\/div><\/div><\/div><\/div><\/div><\/div><\/div><\/section>","protected":false},"excerpt":{"rendered":"","protected":false},"author":1,"featured_media":0,"parent":0,"menu_order":0,"comment_status":"closed","ping_status":"closed","template":"","meta":{"_mi_skip_tracking":false},"yoast_head":"<!-- This site is optimized with the Yoast SEO plugin v15.3 - https:\/\/yoast.com\/wordpress\/plugins\/seo\/ -->\n<title>Donn\u00e9es Personnelles - NICOLAS COSS\u00c9<\/title>\n<meta name=\"description\" content=\"\u00c9tude g\u00e9n\u00e9alogique successorale specialis\u00e9e dans la g\u00e9n\u00e9alogie internationale. Un partenaire incontournable pour les successions.\" \/>\n<meta name=\"robots\" content=\"index, follow, max-snippet:-1, max-image-preview:large, max-video-preview:-1\" \/>\n<link rel=\"canonical\" href=\"https:\/\/geneacosse.com\/en\/donnees-personnelles\/\" \/>\n<meta property=\"og:locale\" content=\"en_GB\" \/>\n<meta property=\"og:type\" content=\"article\" \/>\n<meta property=\"og:title\" content=\"Donn\u00e9es Personnelles - NICOLAS COSS\u00c9\" \/>\n<meta property=\"og:description\" content=\"\u00c9tude g\u00e9n\u00e9alogique successorale specialis\u00e9e dans la g\u00e9n\u00e9alogie internationale. Un partenaire incontournable pour les successions.\" \/>\n<meta property=\"og:url\" content=\"https:\/\/geneacosse.com\/en\/donnees-personnelles\/\" \/>\n<meta property=\"og:site_name\" content=\"NICOLAS COSS\u00c9\" \/>\n<meta property=\"article:modified_time\" content=\"2025-01-13T07:21:09+00:00\" \/>\n<meta name=\"twitter:card\" content=\"summary_large_image\" \/>\n<meta name=\"twitter:label1\" content=\"Written by\">\n\t<meta name=\"twitter:data1\" content=\"NICOLASadmin2k2020\">\n\t<meta name=\"twitter:label2\" content=\"Estimated reading time\">\n\t<meta name=\"twitter:data2\" content=\"3 minutes\">\n<script type=\"application\/ld+json\" class=\"yoast-schema-graph\">{\"@context\":\"https:\/\/schema.org\",\"@graph\":[{\"@type\":\"WebSite\",\"@id\":\"https:\/\/geneacosse.com\/#website\",\"url\":\"https:\/\/geneacosse.com\/\",\"name\":\"NICOLAS COSS\\u00c9\",\"description\":\"\\u00c9tude G\\u00e9n\\u00e9alogique Successorale\",\"potentialAction\":[{\"@type\":\"SearchAction\",\"target\":\"https:\/\/geneacosse.com\/?s={search_term_string}\",\"query-input\":\"required name=search_term_string\"}],\"inLanguage\":\"en-GB\"},{\"@type\":\"WebPage\",\"@id\":\"https:\/\/geneacosse.com\/donnees-personnelles\/#webpage\",\"url\":\"https:\/\/geneacosse.com\/donnees-personnelles\/\",\"name\":\"Donn\\u00e9es Personnelles - NICOLAS COSS\\u00c9\",\"isPartOf\":{\"@id\":\"https:\/\/geneacosse.com\/#website\"},\"datePublished\":\"2025-01-13T07:14:55+00:00\",\"dateModified\":\"2025-01-13T07:21:09+00:00\",\"description\":\"\\u00c9tude g\\u00e9n\\u00e9alogique successorale specialis\\u00e9e dans la g\\u00e9n\\u00e9alogie internationale. Un partenaire incontournable pour les successions.\",\"inLanguage\":\"en-GB\",\"potentialAction\":[{\"@type\":\"ReadAction\",\"target\":[\"https:\/\/geneacosse.com\/donnees-personnelles\/\"]}]}]}<\/script>\n<!-- \/ Yoast SEO plugin. -->","_links":{"self":[{"href":"https:\/\/geneacosse.com\/en\/wp-json\/wp\/v2\/pages\/4389"}],"collection":[{"href":"https:\/\/geneacosse.com\/en\/wp-json\/wp\/v2\/pages"}],"about":[{"href":"https:\/\/geneacosse.com\/en\/wp-json\/wp\/v2\/types\/page"}],"author":[{"embeddable":true,"href":"https:\/\/geneacosse.com\/en\/wp-json\/wp\/v2\/users\/1"}],"replies":[{"embeddable":true,"href":"https:\/\/geneacosse.com\/en\/wp-json\/wp\/v2\/comments?post=4389"}],"version-history":[{"count":4,"href":"https:\/\/geneacosse.com\/en\/wp-json\/wp\/v2\/pages\/4389\/revisions"}],"predecessor-version":[{"id":4397,"href":"https:\/\/geneacosse.com\/en\/wp-json\/wp\/v2\/pages\/4389\/revisions\/4397"}],"wp:attachment":[{"href":"https:\/\/geneacosse.com\/en\/wp-json\/wp\/v2\/media?parent=4389"}],"curies":[{"name":"wp","href":"https:\/\/api.w.org\/{rel}","templated":true}]}}