{"id":4043,"date":"2020-10-15T11:08:18","date_gmt":"2020-10-15T09:08:18","guid":{"rendered":"http:\/\/www.geneacosse.com\/?page_id=4043"},"modified":"2025-11-03T13:27:32","modified_gmt":"2025-11-03T12:27:32","slug":"mentions-legales","status":"publish","type":"page","link":"https:\/\/geneacosse.com\/en\/mentions-legales\/","title":{"rendered":"Legal notice"},"content":{"rendered":"<section id=\"bt_bb_section69e1e814af87b\"  class=\"bt_bb_section bt_bb_color_scheme_10 bt_bb_layout_boxed_1200 bt_bb_vertical_align_top bt_bb_top_spacing_large bt_bb_bottom_spacing_large\" style=\";background-color:#0f1625;\" data-bt-override-class=\"null\"><div class=\"bt_bb_port\"><div class=\"bt_bb_cell\"><div class=\"bt_bb_cell_inner\"><div class=\"bt_bb_row_wrapper\"><div  class=\"bt_bb_row\" ><div  class=\"bt_bb_column col-md-3 col-sm-6 col-ms-12 bt_bb_align_left bt_bb_padding_normal\"  data-width=\"3\"><div class=\"bt_bb_column_content bt_bb_vertical_align_top\"><div class=\"bt_bb_column_content_inner\"><\/div><\/div><\/div><div  class=\"bt_bb_column col-md-6 col-sm-12 bt_bb_align_center bt_bb_animation_fade_in animate bt_bb_padding_50 bt_bb_animation_fade_in animate\"  data-width=\"6\"><div class=\"bt_bb_column_content bt_bb_vertical_align_middle\"><div class=\"bt_bb_column_content_inner\"><div class=\"bt_bb_separator bt_bb_border_style_none bt_bb_bottom_spacing_medium bt_bb_hidden_xs bt_bb_hidden_ms bt_bb_hidden_sm\" data-bt-override-class=\"null\"><\/div><header class=\"bt_bb_headline bt_bb_color_scheme_6 bt_bb_dash_none bt_bb_size_extralarge bt_bb_align_inherit\" data-bt-override-class=\"{}\"><h2 class=\"bt_bb_headline_tag\"><span class=\"bt_bb_headline_content\"><span>Legal notice<\/span><\/span><\/h2><\/header><div class=\"bt_bb_separator bt_bb_border_style_none bt_bb_bottom_spacing_large bt_bb_hidden_xs bt_bb_hidden_ms bt_bb_hidden_sm\" data-bt-override-class=\"null\"><\/div><\/div><\/div><\/div><div  class=\"bt_bb_column col-md-3 col-sm-6 col-ms-12 bt_bb_align_left bt_bb_padding_normal\"  data-width=\"3\"><div class=\"bt_bb_column_content bt_bb_vertical_align_top\"><div class=\"bt_bb_column_content_inner\"><\/div><\/div><\/div><\/div><\/div><div class=\"bt_bb_row_wrapper\"><div  class=\"bt_bb_row\" ><div  class=\"bt_bb_column col-md-12 col-ms-12 bt_bb_align_left bt_bb_padding_normal\"  data-width=\"12\"><div class=\"bt_bb_column_content bt_bb_vertical_align_top\"><div class=\"bt_bb_column_content_inner\"><div class=\"bt_bb_separator bt_bb_border_style_none\" data-bt-override-class=\"null\"><\/div><\/div><\/div><\/div><\/div><\/div><\/div><\/div><\/div><\/section><section id=\"bt_bb_section69e1e814b002e\"  class=\"bt_bb_section bt_bb_layout_boxed_1200\"  data-bt-override-class=\"null\"><div class=\"bt_bb_port\"><div class=\"bt_bb_cell\"><div class=\"bt_bb_cell_inner\"><div class=\"bt_bb_row_wrapper\"><div  class=\"bt_bb_row\" ><div  class=\"bt_bb_column col-md-12 col-ms-12 bt_bb_align_left bt_bb_padding_normal\"  data-width=\"12\"><div class=\"bt_bb_column_content bt_bb_vertical_align_top\"><div class=\"bt_bb_column_content_inner\"><div class=\"bt_bb_separator bt_bb_border_style_none bt_bb_top_spacing_60\" data-bt-override-class=\"null\"><\/div><\/div><\/div><\/div><\/div><\/div><\/div><\/div><\/div><\/section><section id=\"bt_bb_section69e1e814b026e\"  class=\"bt_bb_section bt_bb_layout_boxed_1200\"  data-bt-override-class=\"null\"><div class=\"bt_bb_port\"><div class=\"bt_bb_cell\"><div class=\"bt_bb_cell_inner\"><div class=\"bt_bb_row_wrapper\"><div  class=\"bt_bb_row\" ><div  class=\"bt_bb_column col-md-12 col-ms-12 bt_bb_align_left bt_bb_padding_normal\"  data-width=\"12\"><div class=\"bt_bb_column_content bt_bb_vertical_align_top\"><div class=\"bt_bb_column_content_inner\"><div  class=\"bt_bb_text\" ><p>Website editor: SASU Etude G\u00e9n\u00e9alogique Coss\u00e9 72 rue de Lessard, 76100 ROUEN +33 6 95 62 12 12 nc@geneacosse.com geneacosse.com<\/p>\n<p>The Coss\u00e9 Genealogical Study is a SASU (French Simplified Joint Stock Company) with a capital of 1000 \u20ac. RCS Rouen 831 521 422 - Siret 83152142200012 APE: 9609Z<\/p>\n<p>Conditions of use<\/p>\n<p>The site accessible by the following URL: www.geneacosse.com is operated in compliance with French law. The use of this website is governed by these general conditions. By using the website, you acknowledge having read these conditions and accepted them. These may be modified at any time and without notice by the Etude G\u00e9n\u00e9alogique Coss\u00e9 (Coss\u00e9 Probate Genealogy Office). Etude G\u00e9n\u00e9alogique Coss\u00e9 (Coss\u00e9 Probate Genealogy Office) cannot be held responsible in any way for any misuse of the service.<\/p>\n<p>Editorial Manager: Nicolas Coss\u00e9 nc@geneacosse.com<\/p>\n<p>Limitation of liability<\/p>\n<p>The information contained on this site is as accurate as possible and the site is periodically updated, but may however contain inaccuracies, omissions, or lacunas. If you notice a lacuna, error, or what appears to be a malfunction, please report it by email, describing the problem as detailed as possible (page causing the problem, triggering action, type of computer and browser used. ,\u2026).<\/p>\n<p>All downloaded content is performed at the user's own risk and under his sole responsibility. Consequently, Etude G\u00e9n\u00e9alogique Coss\u00e9 (Coss\u00e9 Probate Genealogy Office) cannot be held responsible for any damage to the user's computer or any loss of data resulting from the download.<\/p>\n<p>The hypertext links set up within the framework of this website to other resources on the internet do not engage the responsibility of Etude G\u00e9n\u00e9alogique Coss\u00e9 (Coss\u00e9 Probate Genealogy Office).<\/p>\n<p>Litigation<\/p>\n<p>These conditions are governed by French law and any dispute or litigation that may arise from the interpretation or execution of these will be the exclusive jurisdiction of the courts on which the head office of the company Etude G\u00e9n\u00e9alogique Coss\u00e9 (Coss\u00e9 Probate Genealogy Office) depends. The reference language, for the settlement of possible disputes, is French.<\/p>\n<p>Mediator<\/p>\n<p>In accordance with the provisions of the Consumer Code concerning the amicable settlement of disputes, you have the option, in case of a dispute with a probate genealogist, to have a revaluation free of charge from a Mediator with analysis from a professional genealogist whose contact details are following:<\/p>\n<p>Madame Christiane MICAL, 40, rue Bellissen, 69005 LYON.<\/p>\n<p>https:\/\/mediateurconso-genealogistesfrance.fr\/<\/p>\n<p>After the heir's prior written approach to Etude G\u00e9n\u00e9alogique Coss\u00e9 (Coss\u00e9 Probate Genealogy Office), the Mediator's Service can be referred to any consumer dispute that has not been resolved.<\/p>\n<p>Hosting<br \/>\n1&amp;1 Internet SARL<br \/>\n7, place de la Gare<br \/>\nBP 70109<br \/>\n57201 Sarreguemines Cedex<\/p>\n<div>\n<p><a href=\"https:\/\/geneacosse.com\/en\/donnees-personnelles\/\">Donn\u00e9es Personnelles.<\/a><\/p>\n<\/div>\n<\/div><\/div><\/div><\/div><\/div><\/div><\/div><\/div><\/div><\/section><section id=\"bt_bb_section69e1e814b0b50\"  class=\"bt_bb_section bt_bb_layout_boxed_1200\"  data-bt-override-class=\"null\"><div class=\"bt_bb_port\"><div class=\"bt_bb_cell\"><div class=\"bt_bb_cell_inner\"><div class=\"bt_bb_row_wrapper\"><div  class=\"bt_bb_row\" ><div  class=\"bt_bb_column col-md-12 col-ms-12 bt_bb_align_left bt_bb_padding_normal\"  data-width=\"12\"><div class=\"bt_bb_column_content bt_bb_vertical_align_top\"><div class=\"bt_bb_column_content_inner\"><div class=\"bt_bb_separator bt_bb_border_style_none bt_bb_top_spacing_60\" data-bt-override-class=\"null\"><\/div><\/div><\/div><\/div><\/div><\/div><\/div><\/div><\/div><\/section>","protected":false},"excerpt":{"rendered":"","protected":false},"author":1,"featured_media":0,"parent":0,"menu_order":0,"comment_status":"closed","ping_status":"closed","template":"","meta":{"_mi_skip_tracking":false},"yoast_head":"<!-- This site is optimized with the Yoast SEO plugin v15.3 - https:\/\/yoast.com\/wordpress\/plugins\/seo\/ -->\n<title>Mentions l\u00e9gales - NICOLAS COSS\u00c9<\/title>\n<meta name=\"description\" content=\"\u00c9tude g\u00e9n\u00e9alogique successorale specialis\u00e9e dans la g\u00e9n\u00e9alogie internationale. Un partenaire incontournable pour les successions.\" \/>\n<meta name=\"robots\" content=\"index, follow, max-snippet:-1, max-image-preview:large, max-video-preview:-1\" \/>\n<link rel=\"canonical\" href=\"https:\/\/geneacosse.com\/en\/mentions-legales\/\" \/>\n<meta property=\"og:locale\" content=\"en_GB\" \/>\n<meta property=\"og:type\" content=\"article\" \/>\n<meta property=\"og:title\" content=\"Mentions l\u00e9gales - NICOLAS COSS\u00c9\" \/>\n<meta property=\"og:description\" content=\"\u00c9tude g\u00e9n\u00e9alogique successorale specialis\u00e9e dans la g\u00e9n\u00e9alogie internationale. Un partenaire incontournable pour les successions.\" \/>\n<meta property=\"og:url\" content=\"https:\/\/geneacosse.com\/en\/mentions-legales\/\" \/>\n<meta property=\"og:site_name\" content=\"NICOLAS COSS\u00c9\" \/>\n<meta property=\"article:modified_time\" content=\"2025-11-03T12:27:32+00:00\" \/>\n<meta name=\"twitter:card\" content=\"summary_large_image\" \/>\n<meta name=\"twitter:label1\" content=\"Written by\">\n\t<meta name=\"twitter:data1\" content=\"NICOLASadmin2k2020\">\n\t<meta name=\"twitter:label2\" content=\"Estimated reading time\">\n\t<meta name=\"twitter:data2\" content=\"4 minutes\">\n<script type=\"application\/ld+json\" class=\"yoast-schema-graph\">{\"@context\":\"https:\/\/schema.org\",\"@graph\":[{\"@type\":\"WebSite\",\"@id\":\"https:\/\/geneacosse.com\/#website\",\"url\":\"https:\/\/geneacosse.com\/\",\"name\":\"NICOLAS COSS\\u00c9\",\"description\":\"\\u00c9tude G\\u00e9n\\u00e9alogique Successorale\",\"potentialAction\":[{\"@type\":\"SearchAction\",\"target\":\"https:\/\/geneacosse.com\/?s={search_term_string}\",\"query-input\":\"required name=search_term_string\"}],\"inLanguage\":\"en-GB\"},{\"@type\":\"WebPage\",\"@id\":\"https:\/\/geneacosse.com\/mentions-legales\/#webpage\",\"url\":\"https:\/\/geneacosse.com\/mentions-legales\/\",\"name\":\"Mentions l\\u00e9gales - NICOLAS COSS\\u00c9\",\"isPartOf\":{\"@id\":\"https:\/\/geneacosse.com\/#website\"},\"datePublished\":\"2020-10-15T09:08:18+00:00\",\"dateModified\":\"2025-11-03T12:27:32+00:00\",\"description\":\"\\u00c9tude g\\u00e9n\\u00e9alogique successorale specialis\\u00e9e dans la g\\u00e9n\\u00e9alogie internationale. Un partenaire incontournable pour les successions.\",\"inLanguage\":\"en-GB\",\"potentialAction\":[{\"@type\":\"ReadAction\",\"target\":[\"https:\/\/geneacosse.com\/mentions-legales\/\"]}]}]}<\/script>\n<!-- \/ Yoast SEO plugin. -->","_links":{"self":[{"href":"https:\/\/geneacosse.com\/en\/wp-json\/wp\/v2\/pages\/4043"}],"collection":[{"href":"https:\/\/geneacosse.com\/en\/wp-json\/wp\/v2\/pages"}],"about":[{"href":"https:\/\/geneacosse.com\/en\/wp-json\/wp\/v2\/types\/page"}],"author":[{"embeddable":true,"href":"https:\/\/geneacosse.com\/en\/wp-json\/wp\/v2\/users\/1"}],"replies":[{"embeddable":true,"href":"https:\/\/geneacosse.com\/en\/wp-json\/wp\/v2\/comments?post=4043"}],"version-history":[{"count":15,"href":"https:\/\/geneacosse.com\/en\/wp-json\/wp\/v2\/pages\/4043\/revisions"}],"predecessor-version":[{"id":4421,"href":"https:\/\/geneacosse.com\/en\/wp-json\/wp\/v2\/pages\/4043\/revisions\/4421"}],"wp:attachment":[{"href":"https:\/\/geneacosse.com\/en\/wp-json\/wp\/v2\/media?parent=4043"}],"curies":[{"name":"wp","href":"https:\/\/api.w.org\/{rel}","templated":true}]}}