{"id":3703,"date":"2020-09-24T11:39:28","date_gmt":"2020-09-24T09:39:28","guid":{"rendered":"http:\/\/www.geneacosse.com\/?page_id=3703"},"modified":"2020-11-12T09:31:26","modified_gmt":"2020-11-12T08:31:26","slug":"vous-etes","status":"publish","type":"page","link":"https:\/\/geneacosse.com\/en\/vous-etes\/","title":{"rendered":"VOUS \u00caTES&#8230;"},"content":{"rendered":"<section id=\"bt_bb_section69ea3887de64c\"  data-background_image_src=\"'https:\/\/geneacosse.com\/wp-content\/uploads\/2019\/10\/hero_services.jpg'\" class=\"bt_bb_section bt_bb_color_scheme_10 bt_bb_layout_boxed_1200 bt_bb_vertical_align_top btLazyLoadBackground bt_bb_background_image bt_bb_top_spacing_large bt_bb_bottom_spacing_large\" style=\"background-image:url(&#039;https:\/\/geneacosse.com\/wp-content\/plugins\/bold-page-builder\/img\/blank.gif&#039;);\" data-bt-override-class=\"null\"><div class=\"bt_bb_port\"><div class=\"bt_bb_cell\"><div class=\"bt_bb_cell_inner\"><div class=\"bt_bb_row_wrapper\"><div  class=\"bt_bb_row\" ><div  class=\"bt_bb_column col-md-12 col-ms-12 bt_bb_align_center bt_bb_animation_fade_in animate bt_bb_padding_normal bt_bb_animation_fade_in animate\"  data-width=\"12\"><div class=\"bt_bb_column_content bt_bb_vertical_align_top\"><div class=\"bt_bb_column_content_inner\"><div class=\"bt_bb_separator bt_bb_border_style_none bt_bb_bottom_spacing_large bt_bb_hidden_xs bt_bb_hidden_ms bt_bb_hidden_sm\" data-bt-override-class=\"null\"><\/div><header class=\"bt_bb_headline bt_bb_color_scheme_6 bt_bb_dash_none bt_bb_superheadline bt_bb_size_extralarge bt_bb_align_inherit\" data-bt-override-class=\"{}\"><h3 class=\"bt_bb_headline_tag\"><span class=\"bt_bb_headline_superheadline\">GENEALOGY OFFICE<\/span><span class=\"bt_bb_headline_content\"><span>You are ...<\/span><\/span><\/h3><\/header><div class=\"bt_bb_separator bt_bb_border_style_none bt_bb_bottom_spacing_normal bt_bb_hidden_xs bt_bb_hidden_ms bt_bb_hidden_sm\" data-bt-override-class=\"null\"><\/div><div class=\"bt_bb_separator bt_bb_border_style_none bt_bb_bottom_spacing_large bt_bb_hidden_xs bt_bb_hidden_ms bt_bb_hidden_sm\" data-bt-override-class=\"null\"><\/div><\/div><\/div><\/div><\/div><\/div><\/div><\/div><\/div><\/section><section id=\"bt_bb_section69ea3887deb9e\"  class=\"bt_bb_section bt_bb_layout_wide bt_bb_vertical_align_top bt_bb_negative_margin_large\"  data-bt-override-class=\"null\"><div class=\"bt_bb_port\"><div class=\"bt_bb_cell\"><div class=\"bt_bb_cell_inner\"><div class=\"bt_bb_row_wrapper\"><div  class=\"bt_bb_row bt_bb_layout_special btOverlapLeft\" ><div  class=\"bt_bb_column btWithIcon col-md-6 col-sm-12 bt_bb_align_right bt_bb_animation_fade_in animate bt_bb_icon_color_scheme_6 bt_bb_padding_normal bt_bb_animation_fade_in animate\"  data-width=\"6\"><div class=\"bt_bb_column_content bt_bb_vertical_align_top\"><div class=\"bt_bb_column_icon\"><span  data-ico-law=\"&#xf10f;\" class=\"bt_bb_icon_holder\"><\/span><\/div><div class=\"bt_bb_column_content_inner\"><header class=\"bt_bb_headline bt_bb_color_scheme_14 bt_bb_dash_none bt_bb_superheadline bt_bb_size_normal bt_bb_align_inherit\" data-bt-override-class=\"{}\"><h3 class=\"bt_bb_headline_tag\"><span class=\"bt_bb_headline_superheadline\">YOUR PARTNER<\/span><span class=\"bt_bb_headline_content\"><span>Coss\u00e9 Probate Genealogy Office listens to its partners in order to <strong>respond to their requests<\/strong> as quickly as possible.<\/span><\/span><\/h3><\/header><div class=\"bt_bb_separator bt_bb_border_style_none bt_bb_bottom_spacing_medium\" data-bt-override-class=\"null\"><\/div><div class=\"bt_bb_button bt_bb_color_scheme_6 bt_bb_icon_color_scheme_10 bt_bb_style_filled bt_bb_size_large bt_bb_width_inline bt_bb_shape_square btWithIcon\"><a href=\"tel:+33695621212\" target=\"_self\" class=\"bt_bb_link\" title=\"+33 6 95 62 12 12\"><div class=\"bt_bb_icon\"><span  data-ico-icon7stroke=\"&#xe670;\" class=\"bt_bb_icon_holder\"><\/span><\/div><div class=\"bt_bb_link\"><span class=\"bt_bb_button_text\">+33 6 95 62 12 12<\/span><\/div><\/a><\/div><\/div><\/div><\/div><div  class=\"bt_bb_column col-md-6 col-sm-12 bt_bb_align_left bt_bb_animation_fade_in animate bt_bb_color_scheme_10 bt_bb_padding_normal bt_bb_animation_fade_in animate\"  data-width=\"6\"><div class=\"bt_bb_column_content bt_bb_vertical_align_top bt_bb_color_scheme_10\"><div class=\"bt_bb_column_content_inner\"><div class=\"bt_bb_separator bt_bb_border_style_none bt_bb_bottom_spacing_35\" data-bt-override-class=\"null\"><\/div><div class=\"bt_bb_separator bt_bb_border_style_none bt_bb_bottom_spacing_35\" data-bt-override-class=\"null\"><\/div><div class=\"bt_bb_separator bt_bb_border_style_none bt_bb_bottom_spacing_35\" data-bt-override-class=\"null\"><\/div><div class=\"bt_bb_separator bt_bb_border_style_none bt_bb_bottom_spacing_35\" data-bt-override-class=\"null\"><\/div><div class=\"bt_bb_image bt_bb_shape_square bt_bb_align_inherit bt_bb_hover_style_simple bt_bb_content_display_always bt_bb_content_align_middle\" data-bt-override-class=\"{}\"><span><img width=\"764\" height=\"286\" src=\"https:\/\/geneacosse.com\/wp-content\/uploads\/2020\/09\/LOGOH-HLAVNE.png\" class=\"attachment-full size-full\" alt=\"https:\/\/geneacosse.com\/wp-content\/uploads\/2020\/09\/LOGOH-HLAVNE.png\" loading=\"lazy\" data-full_image_src=\"https:\/\/geneacosse.com\/wp-content\/uploads\/2020\/09\/LOGOH-HLAVNE.png\" title=\"LOGOH-HLAVNE\" srcset=\"https:\/\/geneacosse.com\/wp-content\/uploads\/2020\/09\/LOGOH-HLAVNE.png 764w, https:\/\/geneacosse.com\/wp-content\/uploads\/2020\/09\/LOGOH-HLAVNE-640x240.png 640w, https:\/\/geneacosse.com\/wp-content\/uploads\/2020\/09\/LOGOH-HLAVNE-320x120.png 320w\" sizes=\"(max-width: 764px) 100vw, 764px\" \/><\/span><\/div><\/div><\/div><\/div><\/div><\/div><\/div><\/div><\/div><\/section><section id=\"genealogiste\"  class=\"bt_bb_section bt_bb_layout_wide bt_bb_vertical_align_top\"  data-bt-override-class=\"null\"><div class=\"bt_bb_port\"><div class=\"bt_bb_cell\"><div class=\"bt_bb_cell_inner\"><div class=\"bt_bb_row_wrapper\"><div id=\"20\" class=\"bt_bb_row bt_bb_layout_special btOverlapRight\" ><div  class=\"bt_bb_column col-md-6 col-sm-12 bt_bb_align_left bt_bb_padding_normal\"  data-width=\"6\"><div class=\"bt_bb_column_content bt_bb_vertical_align_top bt_bb_column_background_image\" style=\"background-image:url(&#039;https:\/\/geneacosse.com\/wp-content\/uploads\/2020\/09\/ge\u0301ne\u0301alogiste.png&#039;);\"><div class=\"bt_bb_column_content_inner\"><div class=\"bt_bb_separator bt_bb_border_style_none bt_bb_bottom_spacing_extra_large\" data-bt-override-class=\"null\"><\/div><\/div><\/div><\/div><div  class=\"bt_bb_column btWithIcon col-md-6 col-sm-12 bt_bb_align_left bt_bb_animation_fade_in animate bt_bb_icon_color_scheme_6 bt_bb_padding_normal bt_bb_animation_fade_in animate\"  data-width=\"6\"><div class=\"bt_bb_column_content bt_bb_vertical_align_top\"><div class=\"bt_bb_column_icon\"><span  data-ico-business=\"&#xf14b;\" class=\"bt_bb_icon_holder\"><\/span><\/div><div class=\"bt_bb_column_content_inner\"><header class=\"bt_bb_headline bt_bb_color_scheme_14 bt_bb_dash_none bt_bb_size_normal bt_bb_align_inherit\" data-bt-override-class=\"{}\"><h3 class=\"bt_bb_headline_tag\"><span class=\"bt_bb_headline_content\"><span>Genealogist<\/span><\/span><\/h3><\/header><div class=\"bt_bb_separator bt_bb_border_style_none bt_bb_bottom_spacing_normal\" data-bt-override-class=\"null\"><\/div><div  class=\"bt_bb_text\" ><p><span style=\"font-weight: 400;\">Do you want to delegate part of a case to our team? Whether it is due to a lack of time, language or technical skills within an area, our team can help you on an international level or simply give a new perspective on part of your case and thus help you unblocked a part of your research.<\/span><\/p>\n<\/div><\/div><\/div><\/div><\/div><\/div><\/div><\/div><\/div><\/section><section id=\"notaire\"  class=\"bt_bb_section bt_bb_layout_wide bt_bb_vertical_align_top\"  data-bt-override-class=\"null\"><div class=\"bt_bb_port\"><div class=\"bt_bb_cell\"><div class=\"bt_bb_cell_inner\"><div class=\"bt_bb_row_wrapper\"><div  class=\"bt_bb_row bt_bb_layout_special btOverlapLeft\" ><div  class=\"bt_bb_column btWithIcon col-md-6 col-sm-12 bt_bb_align_right bt_bb_animation_fade_in animate bt_bb_icon_color_scheme_6 bt_bb_padding_normal bt_bb_animation_fade_in animate\"  data-width=\"6\"><div class=\"bt_bb_column_content bt_bb_vertical_align_top\"><div class=\"bt_bb_column_icon\"><span  data-ico-business=\"&#xf19a;\" class=\"bt_bb_icon_holder\"><\/span><\/div><div class=\"bt_bb_column_content_inner\"><header class=\"bt_bb_headline bt_bb_color_scheme_14 bt_bb_dash_none bt_bb_size_normal bt_bb_align_inherit\" data-bt-override-class=\"{}\"><h3 class=\"bt_bb_headline_tag\"><span class=\"bt_bb_headline_content\"><span>Notary \/ Attorney<\/span><\/span><\/h3><\/header><div class=\"bt_bb_separator bt_bb_border_style_none bt_bb_bottom_spacing_small\" data-bt-override-class=\"null\"><\/div><div  class=\"bt_bb_text\" ><p><span style=\"font-weight: 400;\">Are you unable to establish with certainty who are the next of kin of a deceased person? Our teams can help you find and contact heirs in France and abroad thanks to their linguistic and technical skills.<\/span><\/p>\n<\/div><\/div><\/div><\/div><div  class=\"bt_bb_column col-md-6 col-sm-12 bt_bb_align_right bt_bb_padding_normal\"  data-width=\"6\"><div class=\"bt_bb_column_content bt_bb_vertical_align_top bt_bb_column_background_image\" style=\"background-image:url(&#039;https:\/\/geneacosse.com\/wp-content\/uploads\/2020\/09\/notaire1.png&#039;);\"><div class=\"bt_bb_column_content_inner\"><div class=\"bt_bb_separator bt_bb_border_style_none bt_bb_bottom_spacing_extra_large\" data-bt-override-class=\"null\"><\/div><\/div><\/div><\/div><\/div><\/div><\/div><\/div><\/div><\/section><section id=\"mairie\"  class=\"bt_bb_section bt_bb_layout_wide bt_bb_vertical_align_top\"  data-bt-override-class=\"null\"><div class=\"bt_bb_port\"><div class=\"bt_bb_cell\"><div class=\"bt_bb_cell_inner\"><div class=\"bt_bb_row_wrapper\"><div  class=\"bt_bb_row bt_bb_layout_special btOverlapRight\" ><div  class=\"bt_bb_column col-md-6 col-sm-12 bt_bb_align_left bt_bb_padding_normal\"  data-width=\"6\"><div class=\"bt_bb_column_content bt_bb_vertical_align_top bt_bb_column_background_image\" style=\"background-image:url(&#039;https:\/\/geneacosse.com\/wp-content\/uploads\/2020\/09\/mairie.png&#039;);\"><div class=\"bt_bb_column_content_inner\"><div class=\"bt_bb_separator bt_bb_border_style_none bt_bb_bottom_spacing_extra_large\" data-bt-override-class=\"null\"><\/div><\/div><\/div><\/div><div  class=\"bt_bb_column btWithIcon col-md-6 col-sm-12 bt_bb_align_left bt_bb_animation_fade_in animate bt_bb_icon_color_scheme_6 bt_bb_padding_normal bt_bb_animation_fade_in animate\"  data-width=\"6\"><div class=\"bt_bb_column_content bt_bb_vertical_align_top\"><div class=\"bt_bb_column_icon\"><span  data-ico-business=\"&#xf10a;\" class=\"bt_bb_icon_holder\"><\/span><\/div><div class=\"bt_bb_column_content_inner\"><header class=\"bt_bb_headline bt_bb_color_scheme_14 bt_bb_dash_none bt_bb_size_normal bt_bb_align_inherit\" data-bt-override-class=\"{}\"><h3 class=\"bt_bb_headline_tag\"><span class=\"bt_bb_headline_content\"><span>City Hall<\/span><\/span><\/h3><\/header><div class=\"bt_bb_separator bt_bb_border_style_none bt_bb_bottom_spacing_normal\" data-bt-override-class=\"null\"><\/div><div  class=\"bt_bb_text\" ><p><span style=\"font-weight: 400;\">If you have abandoned property within your area, we can find the last known owner and his heirs, if the owner is deceased. If no heir is found, you can then incorporate the property into the public domain.<\/span><\/p>\n<\/div><\/div><\/div><\/div><\/div><\/div><\/div><\/div><\/div><\/section><section id=\"particulier\"  class=\"bt_bb_section bt_bb_layout_wide bt_bb_vertical_align_top\"  data-bt-override-class=\"null\"><div class=\"bt_bb_port\"><div class=\"bt_bb_cell\"><div class=\"bt_bb_cell_inner\"><div class=\"bt_bb_row_wrapper\"><div  class=\"bt_bb_row bt_bb_layout_special btOverlapLeft\" ><div  class=\"bt_bb_column btWithIcon col-md-6 col-sm-12 bt_bb_align_right bt_bb_animation_fade_in animate bt_bb_icon_color_scheme_6 bt_bb_padding_normal bt_bb_animation_fade_in animate\"  data-width=\"6\"><div class=\"bt_bb_column_content bt_bb_vertical_align_top\"><div class=\"bt_bb_column_icon\"><span  data-ico-essential=\"&#xea5b;\" class=\"bt_bb_icon_holder\"><\/span><\/div><div class=\"bt_bb_column_content_inner\"><header class=\"bt_bb_headline bt_bb_color_scheme_14 bt_bb_dash_none bt_bb_size_normal bt_bb_align_inherit\" data-bt-override-class=\"{}\"><h3 class=\"bt_bb_headline_tag\"><span class=\"bt_bb_headline_content\"><span>Private individual<\/span><\/span><\/h3><\/header><div class=\"bt_bb_separator bt_bb_border_style_none bt_bb_bottom_spacing_small\" data-bt-override-class=\"null\"><\/div><div  class=\"bt_bb_text\" ><p><span style=\"font-weight: 400;\">We can do genealogical research for individuals. It can be a simple search to unblock a part of your family tree, or we can also do all the research and find records of your ancestors. For more information on prices and fees, please contact us.<\/span><\/p>\n<\/div><\/div><\/div><\/div><div  class=\"bt_bb_column col-md-6 col-sm-12 bt_bb_align_right bt_bb_padding_normal\"  data-width=\"6\"><div class=\"bt_bb_column_content bt_bb_vertical_align_top bt_bb_column_background_image\" style=\"background-image:url(&#039;https:\/\/geneacosse.com\/wp-content\/uploads\/2019\/10\/inner_card_19.jpg&#039;);\"><div class=\"bt_bb_column_content_inner\"><div class=\"bt_bb_separator bt_bb_border_style_none bt_bb_bottom_spacing_extra_large\" data-bt-override-class=\"null\"><\/div><\/div><\/div><\/div><\/div><\/div><\/div><\/div><\/div><\/section><section id=\"agence-immobiliere\"  class=\"bt_bb_section bt_bb_layout_wide bt_bb_vertical_align_top\"  data-bt-override-class=\"null\"><div class=\"bt_bb_port\"><div class=\"bt_bb_cell\"><div class=\"bt_bb_cell_inner\"><div class=\"bt_bb_row_wrapper\"><div  class=\"bt_bb_row bt_bb_layout_special btOverlapRight\" ><div  class=\"bt_bb_column col-md-6 col-sm-12 bt_bb_align_left bt_bb_padding_normal\"  data-width=\"6\"><div class=\"bt_bb_column_content bt_bb_vertical_align_top bt_bb_column_background_image\" style=\"background-image:url(&#039;https:\/\/geneacosse.com\/wp-content\/uploads\/2020\/09\/agence-immobiliere.png&#039;);\"><div class=\"bt_bb_column_content_inner\"><div class=\"bt_bb_separator bt_bb_border_style_none bt_bb_bottom_spacing_extra_large\" data-bt-override-class=\"null\"><\/div><\/div><\/div><\/div><div  class=\"bt_bb_column btWithIcon col-md-6 col-sm-12 bt_bb_align_left bt_bb_animation_fade_in animate bt_bb_icon_color_scheme_6 bt_bb_padding_normal bt_bb_animation_fade_in animate\"  data-width=\"6\"><div class=\"bt_bb_column_content bt_bb_vertical_align_top\"><div class=\"bt_bb_column_icon\"><span  data-ico-essential=\"&#xe98f;\" class=\"bt_bb_icon_holder\"><\/span><\/div><div class=\"bt_bb_column_content_inner\"><header class=\"bt_bb_headline bt_bb_color_scheme_14 bt_bb_dash_none bt_bb_size_normal bt_bb_align_inherit\" data-bt-override-class=\"{}\"><h3 class=\"bt_bb_headline_tag\"><span class=\"bt_bb_headline_content\"><span>Real Estate Agent<\/span><\/span><\/h3><\/header><div class=\"bt_bb_separator bt_bb_border_style_none bt_bb_bottom_spacing_normal\" data-bt-override-class=\"null\"><\/div><div  class=\"bt_bb_text\" ><p>Whether it is to find a deed in the archives, a map in the old land register, or to locate the current owner of a property or his heirs, we are here to help you.<\/p>\n<\/div><\/div><\/div><\/div><\/div><\/div><\/div><\/div><\/div><\/section><section id=\"collectivite\"  class=\"bt_bb_section bt_bb_layout_wide bt_bb_vertical_align_top\"  data-bt-override-class=\"null\"><div class=\"bt_bb_port\"><div class=\"bt_bb_cell\"><div class=\"bt_bb_cell_inner\"><div class=\"bt_bb_row_wrapper\"><div  class=\"bt_bb_row bt_bb_layout_special btOverlapLeft\" ><div  class=\"bt_bb_column btWithIcon col-md-6 col-sm-12 bt_bb_align_right bt_bb_animation_fade_in animate bt_bb_icon_color_scheme_6 bt_bb_padding_normal bt_bb_animation_fade_in animate\"  data-width=\"6\"><div class=\"bt_bb_column_content bt_bb_vertical_align_top\"><div class=\"bt_bb_column_icon\"><span  data-ico-essential=\"&#xea64;\" class=\"bt_bb_icon_holder\"><\/span><\/div><div class=\"bt_bb_column_content_inner\"><header class=\"bt_bb_headline bt_bb_color_scheme_14 bt_bb_dash_none bt_bb_size_normal bt_bb_align_inherit\" data-bt-override-class=\"{}\"><h3 class=\"bt_bb_headline_tag\"><span class=\"bt_bb_headline_content\"><span>Local \/ regional authority<\/span><\/span><\/h3><\/header><div class=\"bt_bb_separator bt_bb_border_style_none bt_bb_bottom_spacing_small\" data-bt-override-class=\"null\"><\/div><div  class=\"bt_bb_text\" ><p>If you have an abandoned property in your area or if you do not know the owner, we can help you with our land search skills.<\/p>\n<\/div><\/div><\/div><\/div><div  class=\"bt_bb_column col-md-6 col-sm-12 bt_bb_align_right bt_bb_padding_normal\"  data-width=\"6\"><div class=\"bt_bb_column_content bt_bb_vertical_align_top bt_bb_column_background_image\" style=\"background-image:url(&#039;https:\/\/geneacosse.com\/wp-content\/uploads\/2019\/10\/inner_card_14.jpg&#039;);\"><div class=\"bt_bb_column_content_inner\"><div class=\"bt_bb_separator bt_bb_border_style_none bt_bb_bottom_spacing_extra_large\" data-bt-override-class=\"null\"><\/div><\/div><\/div><\/div><\/div><\/div><\/div><\/div><\/div><\/section>","protected":false},"excerpt":{"rendered":"","protected":false},"author":1,"featured_media":0,"parent":0,"menu_order":0,"comment_status":"closed","ping_status":"closed","template":"","meta":{"_mi_skip_tracking":false},"yoast_head":"<!-- This site is optimized with the Yoast SEO plugin v15.3 - https:\/\/yoast.com\/wordpress\/plugins\/seo\/ -->\n<title>VOUS \u00caTES... - NICOLAS COSS\u00c9<\/title>\n<meta name=\"description\" content=\"Qui peut faire appel \u00e0 notre \u00e9tude: g\u00e9n\u00e9alogiste, notaire, mairie, particulier, agence immobili\u00e8re et collectivit\u00e9.\" \/>\n<meta name=\"robots\" content=\"index, follow, max-snippet:-1, max-image-preview:large, max-video-preview:-1\" \/>\n<link rel=\"canonical\" href=\"https:\/\/geneacosse.com\/en\/vous-etes\/\" \/>\n<meta property=\"og:locale\" content=\"en_GB\" \/>\n<meta property=\"og:type\" content=\"article\" \/>\n<meta property=\"og:title\" content=\"VOUS \u00caTES... - NICOLAS COSS\u00c9\" \/>\n<meta property=\"og:description\" content=\"Qui peut faire appel \u00e0 notre \u00e9tude: g\u00e9n\u00e9alogiste, notaire, mairie, particulier, agence immobili\u00e8re et collectivit\u00e9.\" \/>\n<meta property=\"og:url\" content=\"https:\/\/geneacosse.com\/en\/vous-etes\/\" \/>\n<meta property=\"og:site_name\" content=\"NICOLAS COSS\u00c9\" \/>\n<meta property=\"article:modified_time\" content=\"2020-11-12T08:31:26+00:00\" \/>\n<meta name=\"twitter:card\" content=\"summary_large_image\" \/>\n<meta name=\"twitter:label1\" content=\"Written by\">\n\t<meta name=\"twitter:data1\" content=\"NICOLASadmin2k2020\">\n\t<meta name=\"twitter:label2\" content=\"Estimated reading time\">\n\t<meta name=\"twitter:data2\" content=\"12 minutes\">\n<script type=\"application\/ld+json\" class=\"yoast-schema-graph\">{\"@context\":\"https:\/\/schema.org\",\"@graph\":[{\"@type\":\"WebSite\",\"@id\":\"https:\/\/geneacosse.com\/#website\",\"url\":\"https:\/\/geneacosse.com\/\",\"name\":\"NICOLAS COSS\\u00c9\",\"description\":\"\\u00c9tude G\\u00e9n\\u00e9alogique Successorale\",\"potentialAction\":[{\"@type\":\"SearchAction\",\"target\":\"https:\/\/geneacosse.com\/?s={search_term_string}\",\"query-input\":\"required name=search_term_string\"}],\"inLanguage\":\"en-GB\"},{\"@type\":\"WebPage\",\"@id\":\"https:\/\/geneacosse.com\/vous-etes\/#webpage\",\"url\":\"https:\/\/geneacosse.com\/vous-etes\/\",\"name\":\"VOUS \\u00caTES... - NICOLAS COSS\\u00c9\",\"isPartOf\":{\"@id\":\"https:\/\/geneacosse.com\/#website\"},\"datePublished\":\"2020-09-24T09:39:28+00:00\",\"dateModified\":\"2020-11-12T08:31:26+00:00\",\"description\":\"Qui peut faire appel \\u00e0 notre \\u00e9tude: g\\u00e9n\\u00e9alogiste, notaire, mairie, particulier, agence immobili\\u00e8re et collectivit\\u00e9.\",\"inLanguage\":\"en-GB\",\"potentialAction\":[{\"@type\":\"ReadAction\",\"target\":[\"https:\/\/geneacosse.com\/vous-etes\/\"]}]}]}<\/script>\n<!-- \/ Yoast SEO plugin. -->","_links":{"self":[{"href":"https:\/\/geneacosse.com\/en\/wp-json\/wp\/v2\/pages\/3703"}],"collection":[{"href":"https:\/\/geneacosse.com\/en\/wp-json\/wp\/v2\/pages"}],"about":[{"href":"https:\/\/geneacosse.com\/en\/wp-json\/wp\/v2\/types\/page"}],"author":[{"embeddable":true,"href":"https:\/\/geneacosse.com\/en\/wp-json\/wp\/v2\/users\/1"}],"replies":[{"embeddable":true,"href":"https:\/\/geneacosse.com\/en\/wp-json\/wp\/v2\/comments?post=3703"}],"version-history":[{"count":29,"href":"https:\/\/geneacosse.com\/en\/wp-json\/wp\/v2\/pages\/3703\/revisions"}],"predecessor-version":[{"id":4181,"href":"https:\/\/geneacosse.com\/en\/wp-json\/wp\/v2\/pages\/3703\/revisions\/4181"}],"wp:attachment":[{"href":"https:\/\/geneacosse.com\/en\/wp-json\/wp\/v2\/media?parent=3703"}],"curies":[{"name":"wp","href":"https:\/\/api.w.org\/{rel}","templated":true}]}}