{"id":13,"date":"2018-09-10T12:48:22","date_gmt":"2018-09-10T12:48:22","guid":{"rendered":"http:\/\/law-firm.bold-themes.com\/master-import\/?page_id=13"},"modified":"2025-11-03T13:13:48","modified_gmt":"2025-11-03T12:13:48","slug":"contact","status":"publish","type":"page","link":"https:\/\/geneacosse.com\/en\/contact\/","title":{"rendered":"Contact"},"content":{"rendered":"<section id=\"bt_bb_section69ea3821c5c00\"  class=\"bt_bb_section bt_bb_layout_boxed_1200 bt_bb_vertical_align_top bt_bb_top_spacing_large bt_bb_bottom_spacing_large\" style=\";background-color:#0f1625;\" data-bt-override-class=\"null\"><div class=\"bt_bb_port\"><div class=\"bt_bb_cell\"><div class=\"bt_bb_cell_inner\"><div class=\"bt_bb_row_wrapper\"><div  class=\"bt_bb_row\" ><div  class=\"bt_bb_column col-md-12 col-ms-12 bt_bb_align_center bt_bb_animation_fade_in animate bt_bb_padding_normal bt_bb_animation_fade_in animate\"  data-width=\"12\"><div class=\"bt_bb_column_content bt_bb_vertical_align_top\"><div class=\"bt_bb_column_content_inner\"><div class=\"bt_bb_separator bt_bb_border_style_none bt_bb_bottom_spacing_large bt_bb_hidden_xs bt_bb_hidden_ms bt_bb_hidden_sm\" data-bt-override-class=\"null\"><\/div><header class=\"bt_bb_headline bt_bb_color_scheme_1 bt_bb_dash_none bt_bb_size_extralarge bt_bb_align_inherit\" data-bt-override-class=\"{}\"><h3 class=\"bt_bb_headline_tag\"><span class=\"bt_bb_headline_content\"><span>Contact <\/span><\/span><\/h3><\/header><div class=\"bt_bb_separator bt_bb_border_style_none bt_bb_top_spacing_normal bt_bb_bottom_spacing_large bt_bb_hidden_xs bt_bb_hidden_ms bt_bb_hidden_sm\" data-bt-override-class=\"null\"><\/div><\/div><\/div><\/div><\/div><\/div><\/div><\/div><\/div><\/section><section id=\"bt_bb_section69ea3821c60f3\"  class=\"bt_bb_section bt_bb_layout_wide bt_bb_vertical_align_top bt_bb_negative_margin_large\"  data-bt-override-class=\"null\"><div class=\"bt_bb_port\"><div class=\"bt_bb_cell\"><div class=\"bt_bb_cell_inner\"><div class=\"bt_bb_row_wrapper\"><div  class=\"bt_bb_row bt_bb_layout_special btOverlapLeft\" ><div  class=\"bt_bb_column btWithIcon col-md-6 col-sm-12 bt_bb_align_right bt_bb_animation_fade_in animate bt_bb_padding_normal bt_bb_animation_fade_in animate\"  data-width=\"6\"><div class=\"bt_bb_column_content bt_bb_vertical_align_top\"><div class=\"bt_bb_column_icon\"><span  data-ico-icon7stroke=\"&#xe62c;\" class=\"bt_bb_icon_holder\"><\/span><\/div><div class=\"bt_bb_column_content_inner\"><header class=\"bt_bb_headline bt_bb_color_scheme_14 bt_bb_dash_none bt_bb_superheadline bt_bb_size_medium bt_bb_align_inherit\" data-bt-override-class=\"{}\"><h3 class=\"bt_bb_headline_tag\"><span class=\"bt_bb_headline_superheadline\">CONTACT US<\/span><span class=\"bt_bb_headline_content\"><span>A responsive genealogical<br \/>\r\noffice at your<br \/>\r\nservice.<\/span><\/span><\/h3><\/header><div class=\"bt_bb_separator bt_bb_border_style_none bt_bb_top_spacing_small bt_bb_bottom_spacing_normal\" data-bt-override-class=\"null\"><\/div><div class=\"bt_bb_button bt_bb_color_scheme_14 bt_bb_icon_color_scheme_6 bt_bb_style_outline bt_bb_size_large bt_bb_width_inline bt_bb_shape_square btWithIcon\"><a href=\"tel:+33695621212\" target=\"_self\" class=\"bt_bb_link\" title=\" +33 6 95 62 12 12\"><div class=\"bt_bb_icon\"><span  data-ico-icon7stroke=\"&#xe670;\" class=\"bt_bb_icon_holder\"><\/span><\/div><div class=\"bt_bb_link\"><span class=\"bt_bb_button_text\"> +33 6 95 62 12 12<\/span><\/div><\/a><\/div><div class=\"bt_bb_separator bt_bb_border_style_none bt_bb_top_spacing_small bt_bb_bottom_spacing_normal\" data-bt-override-class=\"null\"><\/div><div  class=\"bt_bb_text\" ><p style=\"font-weight: 400; font-size: 10px; line-height: 1;\">\u00ab\u00a0<em>Conform\u00e9ment \u00e0 la loi \u00ab Informatique et Libert\u00e9s \u00bb du 6 janvier 1978 modifi\u00e9e et au R\u00e8glement europ\u00e9en n\u00b02016\/679 du 27 avril 2016, l\u2019Etude G\u00e9n\u00e9alogique COSSE en sa qualit\u00e9 de Responsable de traitement recueille les informations ci-contre afin de pouvoir r\u00e9pondre \u00e0 toutes les demandes effectu\u00e9es via notre formulaire de contact et sur la base de son int\u00e9r\u00eat l\u00e9gitime.<\/em><\/p>\n<p style=\"font-weight: 400; font-size: 10px; line-height: 1;\"><em>Les donn\u00e9es collect\u00e9es seront communiqu\u00e9es uniquement aux personnes habilit\u00e9es de l\u2019Etude G\u00e9n\u00e9alogique Coss\u00e9 en fonction du sujet de votre demande.<\/em><\/p>\n<p style=\"font-weight: 400; font-size: 10px; line-height: 1;\"><em>Les donn\u00e9es sont conserv\u00e9es pendant le temps n\u00e9cessaire au traitement de la requ\u00eate re\u00e7ue.<\/em><\/p>\n<p style=\"font-weight: 400; font-size: 10px; line-height: 1;\"><em>Les donn\u00e9es ne sont pas transf\u00e9r\u00e9es en dehors de l&rsquo;Union Europ\u00e9enne.<\/em><\/p>\n<p style=\"font-weight: 400; font-size: 10px; line-height: 1;\"><em>Vous pouvez acc\u00e9der aux donn\u00e9es vous concernant, les rectifier, exercer votre droit \u00e0 la limitation du traitement de vos donn\u00e9es, enfin vous pouvez disposer du sort de vos donn\u00e9es apr\u00e8s votre d\u00e9c\u00e8s.<\/em><\/p>\n<p style=\"font-weight: 400; font-size: 10px; line-height: 1;\"><em>Pour exercer ces droits ou pour toute question sur le traitement de vos donn\u00e9es dans ce dispositif, vous pouvez contacter les services du D\u00e9l\u00e9gu\u00e9 \u00e0 la Protection des Donn\u00e9es (DPO) aux coordonn\u00e9es suivantes : par courriel\u00a0<a href=\"mailto:dpo@geneacosse.com\">dpo@geneacosse.com<\/a> ou \u00e0 l&rsquo;adresse postale : Etude G\u00e9n\u00e9alogique Coss\u00e9, 72 rue de Lessard, 76100 Rouen<\/em><\/p>\n<p style=\"font-weight: 400; font-size: 10px; line-height: 1;\"><em>Un justificatif d&rsquo;identit\u00e9 pourra vous \u00eatre demand\u00e9 en cas de doutes raisonnables sur votre identit\u00e9.<\/em><\/p>\n<p style=\"font-weight: 400; font-size: 10px; line-height: 1;\"><em>Si vous estimez, apr\u00e8s nous avoir contact\u00e9s, que vos droits \u00ab Informatique et Libert\u00e9s \u00bb ne sont pas respect\u00e9s, vous pouvez adresser une r\u00e9clamation \u00e0 la CNIL<\/em><\/p>\n<\/div><\/div><\/div><\/div><div  class=\"bt_bb_column col-md-6 col-sm-12 bt_bb_align_left bt_bb_animation_fade_in animate bt_bb_padding_normal bt_bb_animation_fade_in animate\"  data-width=\"6\"><div class=\"bt_bb_column_content bt_bb_vertical_align_top bt_bb_column_background_image\" style=\"background-image:url(&#039;https:\/\/geneacosse.com\/wp-content\/uploads\/2020\/10\/contactez-ge\u0301ne\u0301alogiste-scaled.jpg&#039;);\"><div class=\"bt_bb_column_content_inner\"><div class=\"bt_bb_separator bt_bb_border_style_none bt_bb_bottom_spacing_large\" data-bt-override-class=\"null\"><\/div><header class=\"bt_bb_headline bt_bb_color_scheme_6 bt_bb_dash_none bt_bb_superheadline bt_bb_size_medium bt_bb_align_inherit btNoHeadline\" data-bt-override-class=\"{}\"><h3 class=\"bt_bb_headline_tag\"><span class=\"bt_bb_headline_superheadline\">WRITE US<\/span><\/h3><\/header><div class=\"bt_bb_separator bt_bb_border_style_none bt_bb_bottom_spacing_normal\" data-bt-override-class=\"null\"><\/div><div class=\"bt_bb_contact_form_7\"><div role=\"form\" class=\"wpcf7\" id=\"wpcf7-f3420-o1\" lang=\"en-US\" dir=\"ltr\">\n<div class=\"screen-reader-response\"><p role=\"status\" aria-live=\"polite\" aria-atomic=\"true\"><\/p> <ul><\/ul><\/div>\n<form action=\"\/en\/wp-json\/wp\/v2\/pages\/13#wpcf7-f3420-o1\" method=\"post\" class=\"wpcf7-form init\" novalidate=\"novalidate\" data-status=\"init\" data-trp-original-action=\"\/en\/wp-json\/wp\/v2\/pages\/13#wpcf7-f3420-o1\">\n<div style=\"display: none;\">\n<input type=\"hidden\" name=\"_wpcf7\" value=\"3420\" \/>\n<input type=\"hidden\" name=\"_wpcf7_version\" value=\"5.3\" \/>\n<input type=\"hidden\" name=\"_wpcf7_locale\" value=\"en_US\" \/>\n<input type=\"hidden\" name=\"_wpcf7_unit_tag\" value=\"wpcf7-f3420-o1\" \/>\n<input type=\"hidden\" name=\"_wpcf7_container_post\" value=\"0\" \/>\n<input type=\"hidden\" name=\"_wpcf7_posted_data_hash\" value=\"\" \/>\n<input type=\"hidden\" name=\"_wpcf7_recaptcha_response\" value=\"\" \/>\n<\/div>\n<div class=\"btForm btCallback\">\n<div class=\"btFormRow btFlex\">\n<div class=\"btFormColumn\"><span class=\"wpcf7-form-control-wrap your-name\"><input type=\"text\" name=\"your-name\" value=\"\" size=\"40\" class=\"wpcf7-form-control wpcf7-text wpcf7-validates-as-required\" aria-required=\"true\" aria-invalid=\"false\" placeholder=\"Name*\" \/><\/span><\/div>\n<div class=\"btFormColumn\"><span class=\"wpcf7-form-control-wrap your-email\"><input type=\"email\" name=\"your-email\" value=\"\" size=\"40\" class=\"wpcf7-form-control wpcf7-text wpcf7-email wpcf7-validates-as-required wpcf7-validates-as-email\" aria-required=\"true\" aria-invalid=\"false\" placeholder=\"E-mail*\" \/><\/span><\/div>\n<\/div>\n<div class=\"btFormRow\">\n<div class=\"btFormColumn\"><span class=\"wpcf7-form-control-wrap your-subject\"><input type=\"text\" name=\"your-subject\" value=\"\" size=\"40\" class=\"wpcf7-form-control wpcf7-text\" aria-invalid=\"false\" placeholder=\"Subject\" \/><\/span><\/div>\n<\/div>\n<div class=\"btFormRow\">\n<div class=\"btFormColumn\"><span class=\"wpcf7-form-control-wrap your-message\"><textarea name=\"your-message\" cols=\"40\" rows=\"10\" class=\"wpcf7-form-control wpcf7-textarea wpcf7-validates-as-required\" aria-required=\"true\" aria-invalid=\"false\" placeholder=\"Message*\"><\/textarea><\/span><\/div>\n<\/div>\n<div class=\"btFormButton\"><input type=\"submit\" value=\"SEND\" class=\"wpcf7-form-control wpcf7-submit\" \/><\/div>\n<\/div>\n<p><div class=\"anr_captcha_field\"><div id=\"anr_captcha_field_1\" class=\"anr_captcha_field_div\"><\/div><\/div><span class=\"wpcf7-form-control-wrap g-recaptcha-response\"><span class=\"wpcf7-form-control\"><\/span><\/span><\/p>\n<div class=\"wpcf7-response-output\" aria-hidden=\"true\"><\/div><input type=\"hidden\" name=\"trp-form-language\" value=\"en\"\/><\/form><\/div><\/div><div class=\"bt_bb_separator bt_bb_border_style_none bt_bb_bottom_spacing_normal\" data-bt-override-class=\"null\"><\/div><div  class=\"bt_bb_text\" ><p><span style=\"color: #ffffff;\">I agree that my personal data entered in this form will be used as part of a first contact. In accordance with the<\/span> <a href=\"https:\/\/geneacosse.com\/en\/mentions-legales\/\">Legal Notice.<\/a><\/p>\n<\/div><\/div><\/div><\/div><\/div><\/div><\/div><\/div><\/div><\/section><section id=\"bt_bb_section69ea3821c85da\"  class=\"bt_bb_section bt_bb_layout_wide bt_bb_vertical_align_top\"  data-bt-override-class=\"null\"><div class=\"bt_bb_port\"><div class=\"bt_bb_cell\"><div class=\"bt_bb_cell_inner\"><div class=\"bt_bb_row_wrapper\"><div  class=\"bt_bb_row bt_bb_column_gap_0 bt_bb_layout_special btOverlapRight\" ><div  class=\"bt_bb_column col-md-6 col-sm-12 bt_bb_align_center bt_bb_padding_normal\"  data-width=\"6\"><div class=\"bt_bb_column_content bt_bb_vertical_align_top\"><div class=\"bt_bb_column_content_inner\"><div class=\"bt_bb_raw_content\"><iframe src=\"https:\/\/www.google.com\/maps\/embed?pb=!1m18!1m12!1m3!1d2594.7940318342835!2d1.0885880156577923!3d49.43170786812099!2m3!1f0!2f0!3f0!3m2!1i1024!2i768!4f13.1!3m3!1m2!1s0x47e0de7003991669%3A0x2b4d121e87657b37!2s72%20Rue%20de%20Lessard%2C%2076100%20Rouen!5e0!3m2!1sfr!2sfr!4v1605110194156!5m2!1sfr!2sfr\" width=\"1000\" height=\"800\" frameborder=\"0\" style=\"border:0;\" allowfullscreen=\"\" aria-hidden=\"false\" tabindex=\"0\"><\/iframe><\/div><\/div><\/div><\/div><div  class=\"bt_bb_column btWithIcon col-md-6 col-sm-12 bt_bb_align_left bt_bb_animation_fade_in animate bt_bb_icon_color_scheme_6 bt_bb_padding_40 bt_bb_animation_fade_in animate\"  data-width=\"6\"><div class=\"bt_bb_column_content bt_bb_vertical_align_top\"><div class=\"bt_bb_column_icon\"><span  data-ico-icon7stroke=\"&#xe637;\" class=\"bt_bb_icon_holder\"><\/span><\/div><div class=\"bt_bb_column_content_inner\"><header class=\"bt_bb_headline bt_bb_color_scheme_14 bt_bb_dash_none bt_bb_superheadline bt_bb_size_medium bt_bb_align_inherit\" data-bt-override-class=\"{}\"><h3 class=\"bt_bb_headline_tag\"><span class=\"bt_bb_headline_superheadline\">FRANCE AND INTERNATIONAL<\/span><span class=\"bt_bb_headline_content\"><span>Always attentive, focused on<br \/>\r\n<strong>professionalism and efficiency.<\/strong><\/span><\/span><\/h3><\/header><div class=\"bt_bb_separator bt_bb_border_style_none bt_bb_bottom_spacing_medium\" data-bt-override-class=\"null\"><\/div><div  class=\"bt_bb_row_inner\" ><div  class=\"bt_bb_column_inner col-md-6 col-sm-12 bt_bb_align_left bt_bb_vertical_align_top bt_bb_padding_normal\"  data-width=\"6\"><div class=\"bt_bb_column_inner_content\"><div class=\"bt_bb_service bt_bb_color_scheme_6 bt_bb_title_color_scheme_13 bt_bb_style_filled bt_bb_size_small bt_bb_shape_square bt_bb_align_inherit\"><span  data-ico-icon7stroke=\"&#xe670;\" class=\"bt_bb_icon_holder\"><\/span><div class=\"bt_bb_service_content\"><div class=\"bt_bb_service_content_title\">PHONE<\/div><div class=\"bt_bb_service_content_text\"> +33 6 95 62 12 12<\/div><\/div><\/div><div class=\"bt_bb_separator bt_bb_border_style_none bt_bb_bottom_spacing_normal\" data-bt-override-class=\"null\"><\/div><div class=\"bt_bb_service bt_bb_color_scheme_6 bt_bb_title_color_scheme_13 bt_bb_style_filled bt_bb_size_small bt_bb_shape_square bt_bb_align_inherit\"><span  data-ico-essential=\"&#xe964;\" class=\"bt_bb_icon_holder\"><\/span><div class=\"bt_bb_service_content\"><div class=\"bt_bb_service_content_title\">NUM\u00c9RO DE FAX:<\/div><div class=\"bt_bb_service_content_text\"> +33 9 59 41 54 55<\/div><\/div><\/div><div class=\"bt_bb_separator bt_bb_border_style_none bt_bb_bottom_spacing_normal\" data-bt-override-class=\"null\"><\/div><div class=\"bt_bb_service bt_bb_color_scheme_6 bt_bb_title_color_scheme_13 bt_bb_style_filled bt_bb_size_small bt_bb_shape_square bt_bb_align_inherit\"><span  data-ico-icon7stroke=\"&#xe639;\" class=\"bt_bb_icon_holder\"><\/span><div class=\"bt_bb_service_content\"><div class=\"bt_bb_service_content_title\">E-MAIL:<\/div><div class=\"bt_bb_service_content_text\"> nc@geneacosse.com<\/div><\/div><\/div><div class=\"bt_bb_separator bt_bb_border_style_none bt_bb_bottom_spacing_normal bt_bb_hidden_md bt_bb_hidden_lg\" data-bt-override-class=\"null\"><\/div><\/div><\/div><div  class=\"bt_bb_column_inner col-md-6 col-sm-12 bt_bb_align_left bt_bb_vertical_align_top bt_bb_padding_normal\"  data-width=\"6\"><div class=\"bt_bb_column_inner_content\"><div class=\"bt_bb_service bt_bb_color_scheme_6 bt_bb_title_color_scheme_13 bt_bb_style_filled bt_bb_size_small bt_bb_shape_square bt_bb_align_inherit\"><span  data-ico-icon7stroke=\"&#xe648;\" class=\"bt_bb_icon_holder\"><\/span><div class=\"bt_bb_service_content\"><div class=\"bt_bb_service_content_title\">ADDRESS<\/div><div class=\"bt_bb_service_content_text\">Hexagone :<br \/>\r\n72 rue de Lessard 76100 Rouen<\/div><\/div><\/div><div class=\"bt_bb_separator bt_bb_border_style_none bt_bb_bottom_spacing_normal\" data-bt-override-class=\"null\"><\/div><div class=\"bt_bb_service bt_bb_color_scheme_6 bt_bb_title_color_scheme_13 bt_bb_style_filled bt_bb_size_small bt_bb_shape_square bt_bb_align_inherit\"><span  data-ico-icon7stroke=\"&#xe648;\" class=\"bt_bb_icon_holder\"><\/span><div class=\"bt_bb_service_content\"><div class=\"bt_bb_service_content_title\">ADDRESS<\/div><div class=\"bt_bb_service_content_text\">Antilles\/Guyane :<br \/>\r\n4 rue de l\u2019Astrolabe Boite 7, C\/O GuyaCall<br \/>\r\nBatiment Horizon 97354 Remire-Montjoly<\/div><\/div><\/div><\/div><\/div><\/div><\/div><\/div><\/div><\/div><\/div><\/div><\/div><\/div><\/section>","protected":false},"excerpt":{"rendered":"","protected":false},"author":1,"featured_media":0,"parent":0,"menu_order":0,"comment_status":"closed","ping_status":"closed","template":"","meta":{"_mi_skip_tracking":false},"yoast_head":"<!-- This site is optimized with the Yoast SEO plugin v15.3 - https:\/\/yoast.com\/wordpress\/plugins\/seo\/ -->\n<title>Contact - NICOLAS COSS\u00c9<\/title>\n<meta name=\"description\" content=\"Une \u00e9tude g\u00e9n\u00e9alogique r\u00e9active \u00e0 votre service. Toujours \u00e0 l&#039;\u00e9coute, ax\u00e9 sur le professionnalisme et l&#039;efficacit\u00e9.\" \/>\n<meta name=\"robots\" content=\"index, follow, max-snippet:-1, max-image-preview:large, max-video-preview:-1\" \/>\n<link rel=\"canonical\" href=\"https:\/\/geneacosse.com\/en\/contact\/\" \/>\n<meta property=\"og:locale\" content=\"en_GB\" \/>\n<meta property=\"og:type\" content=\"article\" \/>\n<meta property=\"og:title\" content=\"Contact - NICOLAS COSS\u00c9\" \/>\n<meta property=\"og:description\" content=\"Une \u00e9tude g\u00e9n\u00e9alogique r\u00e9active \u00e0 votre service. Toujours \u00e0 l&#039;\u00e9coute, ax\u00e9 sur le professionnalisme et l&#039;efficacit\u00e9.\" \/>\n<meta property=\"og:url\" content=\"https:\/\/geneacosse.com\/en\/contact\/\" \/>\n<meta property=\"og:site_name\" content=\"NICOLAS COSS\u00c9\" \/>\n<meta property=\"article:modified_time\" content=\"2025-11-03T12:13:48+00:00\" \/>\n<meta name=\"twitter:card\" content=\"summary_large_image\" \/>\n<meta name=\"twitter:label1\" content=\"Written by\">\n\t<meta name=\"twitter:data1\" content=\"NICOLASadmin2k2020\">\n\t<meta name=\"twitter:label2\" content=\"Estimated reading time\">\n\t<meta name=\"twitter:data2\" content=\"8 minutes\">\n<script type=\"application\/ld+json\" class=\"yoast-schema-graph\">{\"@context\":\"https:\/\/schema.org\",\"@graph\":[{\"@type\":\"WebSite\",\"@id\":\"https:\/\/geneacosse.com\/#website\",\"url\":\"https:\/\/geneacosse.com\/\",\"name\":\"NICOLAS COSS\\u00c9\",\"description\":\"\\u00c9tude G\\u00e9n\\u00e9alogique Successorale\",\"potentialAction\":[{\"@type\":\"SearchAction\",\"target\":\"https:\/\/geneacosse.com\/?s={search_term_string}\",\"query-input\":\"required name=search_term_string\"}],\"inLanguage\":\"en-GB\"},{\"@type\":\"WebPage\",\"@id\":\"https:\/\/geneacosse.com\/contact\/#webpage\",\"url\":\"https:\/\/geneacosse.com\/contact\/\",\"name\":\"Contact - NICOLAS COSS\\u00c9\",\"isPartOf\":{\"@id\":\"https:\/\/geneacosse.com\/#website\"},\"datePublished\":\"2018-09-10T12:48:22+00:00\",\"dateModified\":\"2025-11-03T12:13:48+00:00\",\"description\":\"Une \\u00e9tude g\\u00e9n\\u00e9alogique r\\u00e9active \\u00e0 votre service. Toujours \\u00e0 l'\\u00e9coute, ax\\u00e9 sur le professionnalisme et l'efficacit\\u00e9.\",\"inLanguage\":\"en-GB\",\"potentialAction\":[{\"@type\":\"ReadAction\",\"target\":[\"https:\/\/geneacosse.com\/contact\/\"]}]}]}<\/script>\n<!-- \/ Yoast SEO plugin. -->","_links":{"self":[{"href":"https:\/\/geneacosse.com\/en\/wp-json\/wp\/v2\/pages\/13"}],"collection":[{"href":"https:\/\/geneacosse.com\/en\/wp-json\/wp\/v2\/pages"}],"about":[{"href":"https:\/\/geneacosse.com\/en\/wp-json\/wp\/v2\/types\/page"}],"author":[{"embeddable":true,"href":"https:\/\/geneacosse.com\/en\/wp-json\/wp\/v2\/users\/1"}],"replies":[{"embeddable":true,"href":"https:\/\/geneacosse.com\/en\/wp-json\/wp\/v2\/comments?post=13"}],"version-history":[{"count":34,"href":"https:\/\/geneacosse.com\/en\/wp-json\/wp\/v2\/pages\/13\/revisions"}],"predecessor-version":[{"id":4420,"href":"https:\/\/geneacosse.com\/en\/wp-json\/wp\/v2\/pages\/13\/revisions\/4420"}],"wp:attachment":[{"href":"https:\/\/geneacosse.com\/en\/wp-json\/wp\/v2\/media?parent=13"}],"curies":[{"name":"wp","href":"https:\/\/api.w.org\/{rel}","templated":true}]}}